{"id":2211,"date":"2022-03-21T16:31:10","date_gmt":"2022-03-21T15:31:10","guid":{"rendered":"https:\/\/www.lasonora.it\/prodotto\/quasar-130-b\/"},"modified":"2023-01-26T12:58:33","modified_gmt":"2023-01-26T11:58:33","slug":"quasar-130-b","status":"publish","type":"product","link":"https:\/\/www.lasonora.it\/en\/prodotto\/quasar-130-b\/","title":{"rendered":"QUASAR 130 B"},"content":{"rendered":"","protected":false},"excerpt":{"rendered":"<h2 class=\"shortdescription\">Lampeggiatore omologato a luce led da Bauletto.<\/h2>\n<p>Composto da soli 6 power led con lente integrata questo modello, visibile a 360\u00b0, \u00e8 adatto ad installazione sui bauletti posteriori di moto e scooter. La base \u00e8 basculante per adattarsi senza difficolt\u00e0 ad ogni superficie.<\/p>\n<h3>Scheda prodotto<\/h3>\n[wpdm_package id=\"613\" template=\"link-template-default-old\"]\n<p>&nbsp;<\/p>\n","protected":false},"featured_media":2816,"template":"","meta":{"_seopress_robots_primary_cat":"none","_seopress_titles_title":"","_seopress_titles_desc":"","_seopress_robots_index":"","inline_featured_image":false},"product_brand":[],"product_cat":[148,150],"product_tag":[],"class_list":{"0":"post-2211","1":"product","2":"type-product","3":"status-publish","4":"has-post-thumbnail","6":"product_cat-motorcycles","7":"product_cat-rear-lights","9":"first","10":"instock","11":"shipping-taxable","12":"product-type-simple"},"_links":{"self":[{"href":"https:\/\/www.lasonora.it\/en\/wp-json\/wp\/v2\/product\/2211","targetHints":{"allow":["GET"]}}],"collection":[{"href":"https:\/\/www.lasonora.it\/en\/wp-json\/wp\/v2\/product"}],"about":[{"href":"https:\/\/www.lasonora.it\/en\/wp-json\/wp\/v2\/types\/product"}],"wp:featuredmedia":[{"embeddable":true,"href":"https:\/\/www.lasonora.it\/en\/wp-json\/wp\/v2\/media\/2816"}],"wp:attachment":[{"href":"https:\/\/www.lasonora.it\/en\/wp-json\/wp\/v2\/media?parent=2211"}],"wp:term":[{"taxonomy":"product_brand","embeddable":true,"href":"https:\/\/www.lasonora.it\/en\/wp-json\/wp\/v2\/product_brand?post=2211"},{"taxonomy":"product_cat","embeddable":true,"href":"https:\/\/www.lasonora.it\/en\/wp-json\/wp\/v2\/product_cat?post=2211"},{"taxonomy":"product_tag","embeddable":true,"href":"https:\/\/www.lasonora.it\/en\/wp-json\/wp\/v2\/product_tag?post=2211"}],"curies":[{"name":"wp","href":"https:\/\/api.w.org\/{rel}","templated":true}]}}