{"id":2243,"date":"2022-03-21T12:05:10","date_gmt":"2022-03-21T11:05:10","guid":{"rendered":"https:\/\/www.lasonora.it\/prodotto\/suprema-996-e-lf\/"},"modified":"2022-03-21T12:05:10","modified_gmt":"2022-03-21T11:05:10","slug":"suprema-996-e-lf","status":"publish","type":"product","link":"https:\/\/www.lasonora.it\/en\/prodotto\/suprema-996-e-lf\/","title":{"rendered":"SUPREMA 996 E LF"},"content":{"rendered":"","protected":false},"excerpt":{"rendered":"<h2>Barra omologata a luce led con luci di ricerca integrate a led.<\/h2>\n<p>Questa versione \u00e8 la pi\u00f9 richiesta perch\u00e8 \u00e8 un perfetto compromesso tra funzionalit\u00e0 e servizio offerto.<\/p>\n<p>Oltre ai gruppi luminosi a led infatti sono presenti 4 faretti di profondit\u00e0 laterali e frontali interamenti integrati nel profilo d&#8217;alluminio<\/p>\n<p><span style=\"font-size: 20px; font-weight: 600;\">Scheda prodotto<\/span><\/p>\n[wpdm_package id=\"406\" template=\"link-template-default-old\"]\n","protected":false},"featured_media":1160,"template":"","meta":{"_seopress_robots_primary_cat":"none","_seopress_titles_title":"","_seopress_titles_desc":"","_seopress_robots_index":"","inline_featured_image":false},"product_brand":[],"product_cat":[136],"product_tag":[],"class_list":{"0":"post-2243","1":"product","2":"type-product","3":"status-publish","4":"has-post-thumbnail","6":"product_cat-blue","8":"first","9":"instock","10":"shipping-taxable","11":"product-type-simple"},"_links":{"self":[{"href":"https:\/\/www.lasonora.it\/en\/wp-json\/wp\/v2\/product\/2243","targetHints":{"allow":["GET"]}}],"collection":[{"href":"https:\/\/www.lasonora.it\/en\/wp-json\/wp\/v2\/product"}],"about":[{"href":"https:\/\/www.lasonora.it\/en\/wp-json\/wp\/v2\/types\/product"}],"wp:featuredmedia":[{"embeddable":true,"href":"https:\/\/www.lasonora.it\/en\/wp-json\/wp\/v2\/media\/1160"}],"wp:attachment":[{"href":"https:\/\/www.lasonora.it\/en\/wp-json\/wp\/v2\/media?parent=2243"}],"wp:term":[{"taxonomy":"product_brand","embeddable":true,"href":"https:\/\/www.lasonora.it\/en\/wp-json\/wp\/v2\/product_brand?post=2243"},{"taxonomy":"product_cat","embeddable":true,"href":"https:\/\/www.lasonora.it\/en\/wp-json\/wp\/v2\/product_cat?post=2243"},{"taxonomy":"product_tag","embeddable":true,"href":"https:\/\/www.lasonora.it\/en\/wp-json\/wp\/v2\/product_tag?post=2243"}],"curies":[{"name":"wp","href":"https:\/\/api.w.org\/{rel}","templated":true}]}}